{"id":111694,"date":"2022-09-08T14:42:45","date_gmt":"2022-09-08T11:42:45","guid":{"rendered":"http:\/\/goiptveurope.com\/?page_id=111694"},"modified":"2026-03-10T15:54:27","modified_gmt":"2026-03-10T12:54:27","slug":"preise","status":"publish","type":"page","link":"https:\/\/www.goiptveurope.com\/de\/preise\/","title":{"rendered":"Preise"},"content":{"rendered":"<div class=\"wpb-content-wrapper\"><p>[vc_row row_height_percent=&#8221;55&#8243; override_padding=&#8221;yes&#8221; h_padding=&#8221;2&#8243; top_padding=&#8221;4&#8243; bottom_padding=&#8221;4&#8243; back_color=&#8221;color-210407&#8243; overlay_color=&#8221;accent&#8221; overlay_alpha=&#8221;40&#8243; gutter_size=&#8221;3&#8243; column_width_percent=&#8221;100&#8243; shift_y=&#8221;0&#8243; z_index=&#8221;0&#8243; enable_top_divider=&#8221;default&#8221; top_divider=&#8221;gradient&#8221; shape_top_h_use_pixel=&#8221;true&#8221; shape_top_height_percent=&#8221;100&#8243; shape_top_color=&#8221;color-wayh&#8221; shape_top_opacity=&#8221;25&#8243; shape_top_index=&#8221;0&#8243; uncode_shortcode_id=&#8221;173436&#8243; back_color_type=&#8221;uncode-palette&#8221; overlay_color_type=&#8221;uncode-palette&#8221; shape_top_color_type=&#8221;uncode-palette&#8221;][vc_column column_width_use_pixel=&#8221;yes&#8221; position_vertical=&#8221;middle&#8221; align_horizontal=&#8221;align_center&#8221; gutter_size=&#8221;3&#8243; style=&#8221;dark&#8221; overlay_alpha=&#8221;50&#8243; shift_x=&#8221;0&#8243; shift_y=&#8221;0&#8243; shift_y_down=&#8221;0&#8243; z_index=&#8221;0&#8243; medium_width=&#8221;0&#8243; mobile_width=&#8221;0&#8243; zoom_width=&#8221;0&#8243; zoom_height=&#8221;0&#8243; width=&#8221;1\/1&#8243; column_width_pixel=&#8221;900&#8243;][vc_custom_heading heading_semantic=&#8221;h1&#8243; text_font=&#8221;font-136269&#8243; text_size=&#8221;fontsize-338686&#8243; text_height=&#8221;fontheight-179065&#8243; sub_reduced=&#8221;yes&#8221; uncode_shortcode_id=&#8221;202723&#8243;]IPTV-Pl\u00e4ne mit Paypal oder Bitcoin bezahlen[\/vc_custom_heading][\/vc_column][\/vc_row][vc_row][vc_column width=&#8221;1\/1&#8243;][vc_single_image media=&#8221;112634&#8243; media_width_percent=&#8221;100&#8243; uncode_shortcode_id=&#8221;542783&#8243;][vc_custom_heading uncode_shortcode_id=&#8221;160695&#8243;]<\/p>\n<h1 data-start=\"1123\" data-end=\"1174\">IPTV Preise Deutschland \u2013 Unsere aktuellen Pakete<\/h1>\n<p>[\/vc_custom_heading][vc_column_text uncode_shortcode_id=&#8221;374245&#8243;]<span style=\"color: #000000;\">F\u00fcr Ihre Fragen und Bestellungen k\u00f6nnen Sie uns unter kontaktieren <\/span><span style=\"color: #ff0000;\"><strong><a style=\"color: #ff0000;\" href=\"https:\/\/t.me\/+Q-XxXuoBew1jNzZk\" target=\"_blank\" rel=\"noopener\">Telegram<\/a> <\/strong><span style=\"color: #000000;\">und <a href=\"https:\/\/wa.me\/message\/2KO7D2ZKMMCTA1\" target=\"_blank\" rel=\"noopener\"><strong><span style=\"color: #ff0000;\">Whatsapp<\/span><\/strong><\/a><\/span><\/span><\/p>\n<p><span class=\"bred\"><strong><img decoding=\"async\" class=\"alignnone wp-image-112357\" src=\"http:\/\/goiptveurope.com\/wp-content\/uploads\/2023\/12\/161986-300x150.jpg\" alt=\"\" width=\"220\" height=\"110\" srcset=\"https:\/\/www.goiptveurope.com\/wp-content\/uploads\/2023\/12\/161986-300x150.jpg 300w, https:\/\/www.goiptveurope.com\/wp-content\/uploads\/2023\/12\/161986-1024x512.jpg 1024w, https:\/\/www.goiptveurope.com\/wp-content\/uploads\/2023\/12\/161986-768x384.jpg 768w, https:\/\/www.goiptveurope.com\/wp-content\/uploads\/2023\/12\/161986-350x175.jpg 350w, https:\/\/www.goiptveurope.com\/wp-content\/uploads\/2023\/12\/161986.jpg 1280w\" sizes=\"(max-width: 220px) 100vw, 220px\" \/><\/strong><\/span><\/p>\n<p><span class=\"bred\"><strong>Wichtiger Hinweis:<\/strong> <span style=\"color: #000000;\">Die Testzeit ist an Wochenenden und ECL-Spielen auf 1 Stunde begrenzt.<\/span><\/span><\/p>\n<p><span class=\"bred\"><strong>Wichtiger Hinweis:<\/strong> <span style=\"color: #000000;\">Bitte laden Sie zum Testen eine der untenstehenden Apps herunter und senden Sie uns den Mac\/Key.<\/span><\/span>[\/vc_column_text][\/vc_column][\/vc_row][vc_row row_height_percent=&#8221;0&#8243; override_padding=&#8221;yes&#8221; h_padding=&#8221;0&#8243; top_padding=&#8221;0&#8243; bottom_padding=&#8221;0&#8243; overlay_alpha=&#8221;50&#8243; gutter_size=&#8221;3&#8243; column_width_percent=&#8221;100&#8243; shift_y=&#8221;0&#8243; z_index=&#8221;0&#8243; uncode_shortcode_id=&#8221;196391&#8243;][vc_column column_width_percent=&#8221;100&#8243; position_vertical=&#8221;middle&#8221; align_horizontal=&#8221;align_center&#8221; gutter_size=&#8221;2&#8243; override_padding=&#8221;yes&#8221; column_padding=&#8221;2&#8243; font_family=&#8221;font-136269&#8243; overlay_alpha=&#8221;50&#8243; shift_x=&#8221;0&#8243; shift_y=&#8221;0&#8243; shift_y_down=&#8221;0&#8243; z_index=&#8221;0&#8243; medium_width=&#8221;0&#8243; mobile_width=&#8221;0&#8243; width=&#8221;1\/1&#8243; uncode_shortcode_id=&#8221;659439&#8243; back_color_type=&#8221;uncode-gradient&#8221;][vc_custom_heading text_color=&#8221;color-wvjs&#8221; heading_semantic=&#8221;h1&#8243; text_font=&#8221;font-136269&#8243; text_size=&#8221;fontsize-155944&#8243; uncode_shortcode_id=&#8221;205797&#8243; text_color_type=&#8221;uncode-palette&#8221;]Preistabelle[\/vc_custom_heading]<div class=\"ich_level_wrap ihc_level_template_5\"><div class=\"ihc-level-item\"><div class=\"ihc-level-item-wrap\"><div class=\"ihc-level-item-top\"><div class=\"ihc-level-item-title\">IPTV - Test<\/div><\/div><div class=\"ihc-level-item-price\">Jetzt registrieren!<\/div><div class=\"ihc-level-item-content\"><p style=\"text-align: center\">Jeder Benutzer kann 24 Stunden lang 1 kostenloses Konto erhalten, um unsere Qualit\u00e4t zu erleben. Kontaktieren Sie uns f\u00fcr ein kostenloses Testkonto. Keine Zahlung!<\/p>\n<p style=\"text-align: center\"><\/p>\n\n\n<\/div><div class=\"ihc-level-item-bottom\"><div onClick=\"ihcBuyNewLevel('https:\/\/www.goiptveurope.com\/de\/registrieren\/?lid=1');\" class=\"ihc-level-item-link  ihc-cursor-pointer\">Jetzt registrieren!<\/div><div class=\"iump-clear\"><\/div><\/div><\/div><\/div><div class=\"ihc-level-item\"><div class=\"ihc-level-item-wrap\"><div class=\"ihc-level-item-top\"><div class=\"ihc-level-item-title\">IPTV \u2013 12 Monate<\/div><\/div><div class=\"ihc-level-item-price\">Begrenztes Angebot: 69 \u20ac<\/div><div class=\"ihc-level-item-content\"><strong>Verl\u00e4ngerungspreis: 99\u20ac<\/strong>\r\n<ul>\r\n  <li>1.000+ Aktive Nutzer<\/li>\r\n  <li>24 Stunden kostenloser Test<\/li>\r\n  <li>4K \/ FHD Sender<\/li>\r\n  <li>Funktioniert auf allen Ger\u00e4ten<\/li>\r\n  <li>Sichere PayPal-Zahlung<\/li>\r\n  <li>WhatsApp-Support<\/li>\r\n  <li>Schnelle Kontoaktivierung<\/li>\r\n  <li>12 Monate Abonnement<\/li>\r\n<\/ul><\/div><div class=\"ihc-level-item-bottom\"><div onClick=\"ihcBuyNewLevel('https:\/\/www.goiptveurope.com\/de\/registrieren\/?lid=9');\" class=\"ihc-level-item-link  ihc-cursor-pointer\">Jetzt kaufen<\/div><div class=\"iump-clear\"><\/div><\/div><\/div><\/div><div class=\"ihc-level-item\"><div class=\"ihc-level-item-wrap\"><div class=\"ihc-level-item-top\"><div class=\"ihc-level-item-title\">IPTV \u2013 1 Monat<\/div><\/div><div class=\"ihc-level-item-price\">12 \u20ac<\/div><div class=\"ihc-level-item-content\"><strong><\/strong>\r\n<ul>\r\n  <li>1.000+ Aktive Nutzer<\/li>\r\n  <li>24 Stunden kostenloser Test<\/li>\r\n  <li>4K \/ FHD Sender<\/li>\r\n  <li>Funktioniert auf allen Ger\u00e4ten<\/li>\r\n  <li>Sichere PayPal-Zahlung<\/li>\r\n  <li>WhatsApp-Support<\/li>\r\n  <li>Schnelle Kontoaktivierung<\/li>\r\n  <li>1 Monat Abonnement<\/li>\r\n<\/ul><\/div><div class=\"ihc-level-item-bottom\"><div onClick=\"ihcBuyNewLevel('https:\/\/www.goiptveurope.com\/de\/registrieren\/?lid=2');\" class=\"ihc-level-item-link  ihc-cursor-pointer\">Jetzt kaufen<\/div><div class=\"iump-clear\"><\/div><\/div><\/div><\/div><div class=\"ihc-level-item\"><div class=\"ihc-level-item-wrap\"><div class=\"ihc-level-item-top\"><div class=\"ihc-level-item-title\">IPTV \u2013 6 Monate<\/div><\/div><div class=\"ihc-level-item-price\">54 \u20ac<\/div><div class=\"ihc-level-item-content\"><strong>Verl\u00e4ngerungspreis: 60\u20ac<\/strong>\r\n<ul>\r\n  <li>1.000+ Aktive Nutzer<\/li>\r\n  <li>24 Stunden kostenloser Test<\/li>\r\n  <li>4K \/ FHD Sender<\/li>\r\n  <li>Funktioniert auf allen Ger\u00e4ten<\/li>\r\n  <li>Sichere PayPal-Zahlung<\/li>\r\n  <li>WhatsApp-Support<\/li>\r\n  <li>Schnelle Kontoaktivierung<\/li>\r\n  <li>6 Monate Abonnement<\/li>\r\n<\/ul><\/div><div class=\"ihc-level-item-bottom\"><div onClick=\"ihcBuyNewLevel('https:\/\/www.goiptveurope.com\/de\/registrieren\/?lid=4');\" class=\"ihc-level-item-link  ihc-cursor-pointer\">Jetzt kaufen<\/div><div class=\"iump-clear\"><\/div><\/div><\/div><\/div><div class=\"ihc-level-item\"><div class=\"ihc-level-item-wrap\"><div class=\"ihc-level-item-top\"><div class=\"ihc-level-item-title\">**GROSSES ANGEBOT** 12 Monate \u2013 2 Server<\/div><\/div><div class=\"ihc-level-item-price\"><strong>110\u20ac<\/span><\/strong> statt 138\u20ac<\/div><div class=\"ihc-level-item-content\"><strong>Verl\u00e4ngerungspreis: 130\u20ac<\/strong>\r\n<ul>\r\n  <li>2 verschiedene Server (Server 1 & Server 2)<\/li>\r\n  <li>Mit 2 Servern verpassen Sie kein Spiel oder keine TV-Sendung und haben zus\u00e4tzlich viele VoD-Kan\u00e4le.<\/li>\r\n  <li>1.000+ Aktive Nutzer<\/li>\r\n  <li>24 Stunden kostenloser Test<\/li>\r\n  <li>4K \/ FHD Sender<\/li>\r\n  <li>Funktioniert auf allen Ger\u00e4ten<\/li>\r\n  <li>Sichere PayPal-Zahlung<\/li>\r\n  <li>WhatsApp-Support<\/li>\r\n  <li>Schnelle Kontoaktivierung<\/li>\r\n<\/ul><\/div><div class=\"ihc-level-item-bottom\"><div onClick=\"ihcBuyNewLevel('https:\/\/www.goiptveurope.com\/de\/registrieren\/?lid=8');\" class=\"ihc-level-item-link  ihc-cursor-pointer\">Jetzt kaufen<\/div><div class=\"iump-clear\"><\/div><\/div><\/div><\/div><div class=\"ihc-level-item\"><div class=\"ihc-level-item-wrap\"><div class=\"ihc-level-item-top\"><div class=\"ihc-level-item-title\">Oscam * Current Membership<\/div><\/div><div class=\"ihc-level-item-price\">45 \u20ac<\/div><div class=\"ihc-level-item-content\"><ul>\r\n \t<li>13.000 Live IPTV Channels<\/li>\r\n \t<li>Movies & Series (VOD)<\/li>\r\n \t<li>High-Quality Streaming (4k \/ 3D )<\/li>\r\n \t<li>FREE Updates<\/li>\r\n \t<li>24\/7 Oscam Support<\/li>\r\n \t<li>All in One Licence - Cable , DTT and Sat<\/li>\r\n \t<li>1 device - 1 channel decoding<\/li>\r\n<\/ul><\/div><div class=\"ihc-level-item-bottom\"><div onClick=\"ihcBuyNewLevel('https:\/\/www.goiptveurope.com\/de\/registrieren\/?lid=6');\" class=\"ihc-level-item-link  ihc-cursor-pointer\">Jetzt kaufen<\/div><div class=\"iump-clear\"><\/div><\/div><\/div><\/div><div class=\"ihc-level-item\"><div class=\"ihc-level-item-wrap\"><div class=\"ihc-level-item-top\"><div class=\"ihc-level-item-title\">Oscam - Icam Private 12 Monate<\/div><\/div><div class=\"ihc-level-item-price\">80 \u20ac<\/div><div class=\"ihc-level-item-content\"><ul>\n  <li class=\"MsoNormal\">Sky-deutsche Sat-Kan\u00e4le sind in Ordnung<\/li>\n  <li class=\"MsoNormal\">Deutsche Kabelkan\u00e4le sind in Ordnung<\/li>\n  <li class=\"MsoNormal\">Sie m\u00fcssen Oscam Icam Emu verwenden<\/li>\n  <li class=\"MsoNormal\">Sie m\u00fcssen die Icam-Kanalliste in Bouquets verwenden<\/li>\n  <li class=\"MsoNormal\">Sie m\u00fcssen Enigma2-betriebene Boxen verwenden.<\/li>\n  <li class=\"MsoNormal\">HOLEN SIE SICH IHREN <strong><span style=\"color:red!important\">KOSTENLOSEN TEST<\/span><\/strong> F\u00dcR 1 TAG<\/li>\n  <li class=\"MsoNormal\">Kein gef\u00e4lschtes ECM, kein Einfrieren<\/li>\n<\/ul><\/div><div class=\"ihc-level-item-bottom\"><div onClick=\"ihcBuyNewLevel('https:\/\/www.goiptveurope.com\/de\/registrieren\/?lid=7');\" class=\"ihc-level-item-link  ihc-cursor-pointer\">Jetzt kaufen<\/div><div class=\"iump-clear\"><\/div><\/div><\/div><\/div><\/div>[\/vc_column][\/vc_row][vc_row][vc_column width=&#8221;1\/1&#8243;][vc_column_text uncode_shortcode_id=&#8221;155971&#8243;]<\/p>\n<h1>Wie viel kostet IPTV?<\/h1>\n<p>IPTV ist, was der Name schon sagt. Es ist ein Fernseher mit Internetprotokoll. Internet Protocol ist die elektronische Sprache des Internets. Es ist ein System zum Senden und Empfangen von Datenpaketen \u00fcber das Internet.<\/p>\n<p>Die IPTV-Technologie erm\u00f6glicht es einem Unternehmen, sein vorhandenes IP-Netzwerk f\u00fcr viel mehr als nur Fernsehen zu nutzen. Mit IPTV k\u00f6nnen Sie ganz einfach Satellitenkan\u00e4le, Video, Digital Signage und interaktive Portale an Ihre Einrichtung verteilen. Alle k\u00f6nnen auf Standard-, HD- oder 4K-Fernsehern sowie einer Vielzahl von AV-Anzeigeger\u00e4ten und PCs angesehen werden. Es erm\u00f6glicht die IP-Videoverteilung \u00fcber kabelgebundenes LAN hinauszugehen und WAN, Internet und mobile Ger\u00e4te einzubeziehen.<\/p>\n<h2>Welche IPTV-Formate sind verf\u00fcgbar?<\/h2>\n<p>Sie m\u00fcssen zuerst den Nicht-IPTV-Mechanismus verstehen. IPTV bietet zus\u00e4tzliche Dienste und Videoformate, die in drei IPTV-Formate eingeteilt sind:<\/p>\n<ul>\n<li>Video on Demand (VOD): Video on Demand ist genau das, was der Name schon sagt. Mit diesem IPTV-Format k\u00f6nnen Sie jederzeit Videos aufnehmen. VOD-Dienste bieten eine Vielzahl von Film-Streaming-Sites an.<\/li>\n<li>Live-IPTV: Eine Live-Fernsehsendung kann wie normales Fernsehen in Echtzeit angesehen werden. Dies wird h\u00e4ufig f\u00fcr Live-Events verwendet.<\/li>\n<li>Zeitversetzte Medien: IPTV, auch als \u201eCtch-up-TV\u201c bekannt, erm\u00f6glicht es Benutzern, Fernsehsendungen anzusehen, nachdem sie live ausgestrahlt wurden. Der Unterschied zum VOD-Streaming besteht darin, dass alte Inhalte nur in einem bestimmten Zeitrahmen, normalerweise innerhalb weniger Tage, erneut angesehen werden k\u00f6nnen. Solche Sendungen gelten nach dieser Zeit als VOD.<\/li>\n<\/ul>\n<h2>Ist IPTV f\u00fcr Sie geeignet?<\/h2>\n<p>Wenn Sie Netflix verwenden und mit der Zuverl\u00e4ssigkeit Ihrer Internetverbindung zufrieden sind, m\u00fcssen Sie sich keine Sorgen um IPTV machen. Es h\u00e4ngt alles davon ab, ob es einen IPTV-Dienst gibt, der Ihren Bed\u00fcrfnissen und Vorlieben entspricht. Es k\u00f6nnte eine gute Idee sein, alles mit Ihrer Internetverbindung zu verbinden und alles auf einem Ger\u00e4t auszuf\u00fchren.<\/p>\n<h2>Einige Vorteile von IPTV<\/h2>\n<p>Es gibt unz\u00e4hlige Gr\u00fcnde, IPTV zu nutzen. Ein herk\u00f6mmlicher Kabel-TV-Feed gibt Medieninhalte kontinuierlich \u00fcber ein Kabelnetzwerk wieder, w\u00e4hrend IPTV-Inhalte im Host-Netzwerk verbleiben, bis der Benutzer sie anfordert. Dies bedeutet, dass der Benutzer Videos auf Abruf ansehen kann.<\/p>\n<ul>\n<li>Die zum Ansehen der Inhalte erforderliche Software ist in der Regel vorinstalliert.<\/li>\n<li>Mehrere Programme k\u00f6nnen auf IPTV-Ger\u00e4ten wie Fernsehern, Mobiltelefonen, Tablets und PCs ausgef\u00fchrt werden.<\/li>\n<li>In Anbetracht der Vielfalt der Dienstleistungen k\u00f6nnen unterschiedliche Verbrauchergeschm\u00e4cker bedient werden.<\/li>\n<li>Anzeigen k\u00f6nnen im herk\u00f6mmlichen Fernsehen nicht \u00fcbersprungen werden, k\u00f6nnen aber im IPTV schnell vorgespult oder ganz \u00fcbersprungen werden.<\/li>\n<li>Bei IPTV muss nicht auf eine bestimmte Sendezeit gewartet werden; Sie k\u00f6nnen zuschauen, wann immer Sie wollen und wann immer Sie eine Pause machen und wiederkommen m\u00f6chten.<\/li>\n<\/ul>\n<h2>Was ist der Preis von IPTV?<\/h2>\n<p>Werfen wir einen Blick auf eine der h\u00e4ufig gestellten Fragen: Wie viel kostet IPTV? Das erste, was Sie \u00fcber IPTV-Preise wissen sollten, ist, dass es deutlich billiger ist als Kabel. Einer der Hauptgr\u00fcnde, warum Menschen zu einem IPTV-Dienst wechseln, sind die Kosten.<\/p>\n<p>IPTV ist wie Kabelfernsehen in verschiedenen Preisklassen erh\u00e4ltlich, je nachdem, was Sie wollen. Erwarten Sie, dass Sie gleichzeitig mehr f\u00fcr die Auswahl von TV-Kan\u00e4len, eine h\u00f6here Videoqualit\u00e4t und mehr verbundene Ger\u00e4te zahlen m\u00fcssen. Die Kosten werden auch von der L\u00e4nge des Pakets beeinflusst. Sie k\u00f6nnen sparen, indem Sie f\u00fcr einen l\u00e4ngeren Zeitraum abonnieren, z. B. ein ganzes Jahr. Kostenlose Testversionen bieten Informationen dar\u00fcber, was Sie von dem Dienst erwarten k\u00f6nnen.[\/vc_column_text][\/vc_column][\/vc_row]<\/p>\n<\/div>","protected":false},"excerpt":{"rendered":"<p>[vc_row row_height_percent=&#8221;55&#8243; override_padding=&#8221;yes&#8221; h_padding=&#8221;2&#8243; top_padding=&#8221;4&#8243; bottom_padding=&#8221;4&#8243; back_color=&#8221;color-210407&#8243; overlay_color=&#8221;accent&#8221; overlay_alpha=&#8221;40&#8243; gutter_size=&#8221;3&#8243; column_width_percent=&#8221;100&#8243; shift_y=&#8221;0&#8243; z_index=&#8221;0&#8243; enable_top_divider=&#8221;default&#8221; top_divider=&#8221;gradient&#8221; shape_top_h_use_pixel=&#8221;true&#8221; shape_top_height_percent=&#8221;100&#8243; shape_top_color=&#8221;color-wayh&#8221; shape_top_opacity=&#8221;25&#8243; shape_top_index=&#8221;0&#8243; [&hellip;]<\/p>\n","protected":false},"author":1,"featured_media":0,"parent":0,"menu_order":0,"comment_status":"open","ping_status":"closed","template":"","meta":{"footnotes":""},"class_list":["post-111694","page","type-page","status-publish","hentry"],"yoast_head":"<!-- This site is optimized with the Yoast SEO plugin v27.4 - https:\/\/yoast.com\/product\/yoast-seo-wordpress\/ -->\n<title>IPTV Preise Deutschland \u2013 Aktuelle Pakete 2025<\/title>\n<meta name=\"description\" content=\"IPTV Preise Deutschland im \u00dcberblick. Flexible Pakete, stabile Server und HD &amp; 4K Qualit\u00e4t. Jetzt passendes IPTV-Abo ausw\u00e4hlen.\" \/>\n<meta name=\"robots\" content=\"index, follow, max-snippet:-1, max-image-preview:large, max-video-preview:-1\" \/>\n<link rel=\"canonical\" href=\"https:\/\/www.goiptveurope.com\/de\/preise\/\" \/>\n<meta property=\"og:locale\" content=\"de_DE\" \/>\n<meta property=\"og:type\" content=\"article\" \/>\n<meta property=\"og:title\" content=\"IPTV Preise Deutschland \u2013 Aktuelle Pakete 2025\" \/>\n<meta property=\"og:description\" content=\"IPTV Preise Deutschland im \u00dcberblick. Flexible Pakete, stabile Server und HD &amp; 4K Qualit\u00e4t. Jetzt passendes IPTV-Abo ausw\u00e4hlen.\" \/>\n<meta property=\"og:url\" content=\"https:\/\/www.goiptveurope.com\/de\/preise\/\" \/>\n<meta property=\"og:site_name\" content=\"Go IPTV Member\" \/>\n<meta property=\"article:modified_time\" content=\"2026-03-10T12:54:27+00:00\" \/>\n<meta property=\"og:image\" content=\"http:\/\/goiptveurope.com\/wp-content\/uploads\/2023\/12\/161986-300x150.jpg\" \/>\n<meta name=\"twitter:card\" content=\"summary_large_image\" \/>\n<meta name=\"twitter:label1\" content=\"Gesch\u00e4tzte Lesezeit\" \/>\n\t<meta name=\"twitter:data1\" content=\"4 minutes\" \/>\n<script type=\"application\/ld+json\" class=\"yoast-schema-graph\">{\"@context\":\"https:\\\/\\\/schema.org\",\"@graph\":[{\"@type\":\"WebPage\",\"@id\":\"https:\\\/\\\/www.goiptveurope.com\\\/de\\\/preise\\\/\",\"url\":\"https:\\\/\\\/www.goiptveurope.com\\\/de\\\/preise\\\/\",\"name\":\"IPTV Preise Deutschland \u2013 Aktuelle Pakete 2025\",\"isPartOf\":{\"@id\":\"https:\\\/\\\/www.goiptveurope.com\\\/de\\\/#website\"},\"primaryImageOfPage\":{\"@id\":\"https:\\\/\\\/www.goiptveurope.com\\\/de\\\/preise\\\/#primaryimage\"},\"image\":{\"@id\":\"https:\\\/\\\/www.goiptveurope.com\\\/de\\\/preise\\\/#primaryimage\"},\"thumbnailUrl\":\"http:\\\/\\\/goiptveurope.com\\\/wp-content\\\/uploads\\\/2023\\\/12\\\/161986-300x150.jpg\",\"datePublished\":\"2022-09-08T11:42:45+00:00\",\"dateModified\":\"2026-03-10T12:54:27+00:00\",\"description\":\"IPTV Preise Deutschland im \u00dcberblick. Flexible Pakete, stabile Server und HD & 4K Qualit\u00e4t. Jetzt passendes IPTV-Abo ausw\u00e4hlen.\",\"breadcrumb\":{\"@id\":\"https:\\\/\\\/www.goiptveurope.com\\\/de\\\/preise\\\/#breadcrumb\"},\"inLanguage\":\"de-DE\",\"potentialAction\":[{\"@type\":\"ReadAction\",\"target\":[\"https:\\\/\\\/www.goiptveurope.com\\\/de\\\/preise\\\/\"]}]},{\"@type\":\"ImageObject\",\"inLanguage\":\"de-DE\",\"@id\":\"https:\\\/\\\/www.goiptveurope.com\\\/de\\\/preise\\\/#primaryimage\",\"url\":\"http:\\\/\\\/goiptveurope.com\\\/wp-content\\\/uploads\\\/2023\\\/12\\\/161986-300x150.jpg\",\"contentUrl\":\"http:\\\/\\\/goiptveurope.com\\\/wp-content\\\/uploads\\\/2023\\\/12\\\/161986-300x150.jpg\"},{\"@type\":\"BreadcrumbList\",\"@id\":\"https:\\\/\\\/www.goiptveurope.com\\\/de\\\/preise\\\/#breadcrumb\",\"itemListElement\":[{\"@type\":\"ListItem\",\"position\":1,\"name\":\"Anasayfa\",\"item\":\"https:\\\/\\\/www.goiptveurope.com\\\/de\\\/\"},{\"@type\":\"ListItem\",\"position\":2,\"name\":\"Preise\"}]},{\"@type\":\"WebSite\",\"@id\":\"https:\\\/\\\/www.goiptveurope.com\\\/de\\\/#website\",\"url\":\"https:\\\/\\\/www.goiptveurope.com\\\/de\\\/\",\"name\":\"Go IPTV Member\",\"description\":\"Fast and affordable IPTV sales\",\"potentialAction\":[{\"@type\":\"SearchAction\",\"target\":{\"@type\":\"EntryPoint\",\"urlTemplate\":\"https:\\\/\\\/www.goiptveurope.com\\\/de\\\/?s={search_term_string}\"},\"query-input\":{\"@type\":\"PropertyValueSpecification\",\"valueRequired\":true,\"valueName\":\"search_term_string\"}}],\"inLanguage\":\"de-DE\"}]}<\/script>\n<!-- \/ Yoast SEO plugin. -->","yoast_head_json":{"title":"IPTV Preise Deutschland \u2013 Aktuelle Pakete 2025","description":"IPTV Preise Deutschland im \u00dcberblick. Flexible Pakete, stabile Server und HD & 4K Qualit\u00e4t. Jetzt passendes IPTV-Abo ausw\u00e4hlen.","robots":{"index":"index","follow":"follow","max-snippet":"max-snippet:-1","max-image-preview":"max-image-preview:large","max-video-preview":"max-video-preview:-1"},"canonical":"https:\/\/www.goiptveurope.com\/de\/preise\/","og_locale":"de_DE","og_type":"article","og_title":"IPTV Preise Deutschland \u2013 Aktuelle Pakete 2025","og_description":"IPTV Preise Deutschland im \u00dcberblick. Flexible Pakete, stabile Server und HD & 4K Qualit\u00e4t. Jetzt passendes IPTV-Abo ausw\u00e4hlen.","og_url":"https:\/\/www.goiptveurope.com\/de\/preise\/","og_site_name":"Go IPTV Member","article_modified_time":"2026-03-10T12:54:27+00:00","og_image":[{"url":"http:\/\/goiptveurope.com\/wp-content\/uploads\/2023\/12\/161986-300x150.jpg","type":"","width":"","height":""}],"twitter_card":"summary_large_image","twitter_misc":{"Gesch\u00e4tzte Lesezeit":"4 minutes"},"schema":{"@context":"https:\/\/schema.org","@graph":[{"@type":"WebPage","@id":"https:\/\/www.goiptveurope.com\/de\/preise\/","url":"https:\/\/www.goiptveurope.com\/de\/preise\/","name":"IPTV Preise Deutschland \u2013 Aktuelle Pakete 2025","isPartOf":{"@id":"https:\/\/www.goiptveurope.com\/de\/#website"},"primaryImageOfPage":{"@id":"https:\/\/www.goiptveurope.com\/de\/preise\/#primaryimage"},"image":{"@id":"https:\/\/www.goiptveurope.com\/de\/preise\/#primaryimage"},"thumbnailUrl":"http:\/\/goiptveurope.com\/wp-content\/uploads\/2023\/12\/161986-300x150.jpg","datePublished":"2022-09-08T11:42:45+00:00","dateModified":"2026-03-10T12:54:27+00:00","description":"IPTV Preise Deutschland im \u00dcberblick. Flexible Pakete, stabile Server und HD & 4K Qualit\u00e4t. Jetzt passendes IPTV-Abo ausw\u00e4hlen.","breadcrumb":{"@id":"https:\/\/www.goiptveurope.com\/de\/preise\/#breadcrumb"},"inLanguage":"de-DE","potentialAction":[{"@type":"ReadAction","target":["https:\/\/www.goiptveurope.com\/de\/preise\/"]}]},{"@type":"ImageObject","inLanguage":"de-DE","@id":"https:\/\/www.goiptveurope.com\/de\/preise\/#primaryimage","url":"http:\/\/goiptveurope.com\/wp-content\/uploads\/2023\/12\/161986-300x150.jpg","contentUrl":"http:\/\/goiptveurope.com\/wp-content\/uploads\/2023\/12\/161986-300x150.jpg"},{"@type":"BreadcrumbList","@id":"https:\/\/www.goiptveurope.com\/de\/preise\/#breadcrumb","itemListElement":[{"@type":"ListItem","position":1,"name":"Anasayfa","item":"https:\/\/www.goiptveurope.com\/de\/"},{"@type":"ListItem","position":2,"name":"Preise"}]},{"@type":"WebSite","@id":"https:\/\/www.goiptveurope.com\/de\/#website","url":"https:\/\/www.goiptveurope.com\/de\/","name":"Go IPTV Member","description":"Fast and affordable IPTV sales","potentialAction":[{"@type":"SearchAction","target":{"@type":"EntryPoint","urlTemplate":"https:\/\/www.goiptveurope.com\/de\/?s={search_term_string}"},"query-input":{"@type":"PropertyValueSpecification","valueRequired":true,"valueName":"search_term_string"}}],"inLanguage":"de-DE"}]}},"_links":{"self":[{"href":"https:\/\/www.goiptveurope.com\/de\/wp-json\/wp\/v2\/pages\/111694","targetHints":{"allow":["GET"]}}],"collection":[{"href":"https:\/\/www.goiptveurope.com\/de\/wp-json\/wp\/v2\/pages"}],"about":[{"href":"https:\/\/www.goiptveurope.com\/de\/wp-json\/wp\/v2\/types\/page"}],"author":[{"embeddable":true,"href":"https:\/\/www.goiptveurope.com\/de\/wp-json\/wp\/v2\/users\/1"}],"replies":[{"embeddable":true,"href":"https:\/\/www.goiptveurope.com\/de\/wp-json\/wp\/v2\/comments?post=111694"}],"version-history":[{"count":0,"href":"https:\/\/www.goiptveurope.com\/de\/wp-json\/wp\/v2\/pages\/111694\/revisions"}],"wp:attachment":[{"href":"https:\/\/www.goiptveurope.com\/de\/wp-json\/wp\/v2\/media?parent=111694"}],"curies":[{"name":"wp","href":"https:\/\/api.w.org\/{rel}","templated":true}]}}